{"id":981,"date":"2025-05-01T19:06:44","date_gmt":"2025-05-01T19:06:44","guid":{"rendered":"https:\/\/giving.natureconservancy.ca\/fr\/?post_type=product&#038;p=981"},"modified":"2025-05-01T20:31:57","modified_gmt":"2025-05-01T20:31:57","slug":"milieux-de-prairies","status":"publish","type":"product","link":"https:\/\/giving.natureconservancy.ca\/fr\/product\/milieux-de-prairies\/","title":{"rendered":"Milieux de Prairies"},"content":{"rendered":"","protected":false},"excerpt":{"rendered":"<p>Au Canada, moins de 6 % des prairies sont prot\u00e9g\u00e9es \u00e0 l\u2019heure actuelle.<\/p>\n","protected":false},"featured_media":975,"template":"","meta":{"_acf_changed":false,"_trash_the_other_posts":false,"editor_notices":[]},"product_brand":[],"product_cat":[15],"product_tag":[],"e-card-category":[],"class_list":{"0":"post-981","1":"product","2":"type-product","3":"status-publish","4":"has-post-thumbnail","6":"product_cat-uncategorized","8":"first","9":"instock","10":"virtual","11":"sold-individually","12":"purchasable","13":"product-type-simple"},"acf":[],"yoast_head":"<!-- This site is optimized with the Yoast SEO plugin v27.4 - https:\/\/yoast.com\/product\/yoast-seo-wordpress\/ -->\n<title>Milieux de Prairies - Conservation de la nature Canada<\/title>\n<meta name=\"robots\" content=\"index, follow, max-snippet:-1, max-image-preview:large, max-video-preview:-1\" \/>\n<link rel=\"canonical\" href=\"https:\/\/giving.natureconservancy.ca\/fr\/product\/milieux-de-prairies\/\" \/>\n<meta property=\"og:locale\" content=\"fr_CA\" \/>\n<meta property=\"og:type\" content=\"article\" \/>\n<meta property=\"og:title\" content=\"Milieux de Prairies - Conservation de la nature Canada\" \/>\n<meta property=\"og:description\" content=\"Au Canada, moins de 6 % des prairies sont prot\u00e9g\u00e9es \u00e0 l\u2019heure actuelle.\" \/>\n<meta property=\"og:url\" content=\"https:\/\/giving.natureconservancy.ca\/fr\/product\/milieux-de-prairies\/\" \/>\n<meta property=\"og:site_name\" content=\"Conservation de la nature Canada\" \/>\n<meta property=\"article:publisher\" content=\"https:\/\/www.facebook.com\/natureconservancy.ca\/\" \/>\n<meta property=\"article:modified_time\" content=\"2025-05-01T20:31:57+00:00\" \/>\n<meta property=\"og:image\" content=\"https:\/\/giving.natureconservancy.ca\/fr\/wp-content\/uploads\/sites\/2\/2025\/05\/sc-mcintyre-ranch-2021.webp\" \/>\n\t<meta property=\"og:image:width\" content=\"1728\" \/>\n\t<meta property=\"og:image:height\" content=\"940\" \/>\n\t<meta property=\"og:image:type\" content=\"image\/webp\" \/>\n<meta name=\"twitter:card\" content=\"summary_large_image\" \/>\n<meta name=\"twitter:site\" content=\"@NCC_CNC\" \/>\n<meta name=\"twitter:label1\" content=\"Estimation du temps de lecture\" \/>\n\t<meta name=\"twitter:data1\" content=\"1 minute\" \/>\n<script type=\"application\/ld+json\" class=\"yoast-schema-graph\">{\"@context\":\"https:\\\/\\\/schema.org\",\"@graph\":[{\"@type\":\"WebPage\",\"@id\":\"https:\\\/\\\/giving.natureconservancy.ca\\\/fr\\\/product\\\/milieux-de-prairies\\\/\",\"url\":\"https:\\\/\\\/giving.natureconservancy.ca\\\/fr\\\/product\\\/milieux-de-prairies\\\/\",\"name\":\"Milieux de Prairies - Conservation de la nature Canada\",\"isPartOf\":{\"@id\":\"https:\\\/\\\/giving.natureconservancy.ca\\\/fr\\\/#website\"},\"primaryImageOfPage\":{\"@id\":\"https:\\\/\\\/giving.natureconservancy.ca\\\/fr\\\/product\\\/milieux-de-prairies\\\/#primaryimage\"},\"image\":{\"@id\":\"https:\\\/\\\/giving.natureconservancy.ca\\\/fr\\\/product\\\/milieux-de-prairies\\\/#primaryimage\"},\"thumbnailUrl\":\"https:\\\/\\\/giving.natureconservancy.ca\\\/fr\\\/wp-content\\\/uploads\\\/sites\\\/2\\\/2025\\\/05\\\/sc-mcintyre-ranch-2021.webp\",\"datePublished\":\"2025-05-01T19:06:44+00:00\",\"dateModified\":\"2025-05-01T20:31:57+00:00\",\"breadcrumb\":{\"@id\":\"https:\\\/\\\/giving.natureconservancy.ca\\\/fr\\\/product\\\/milieux-de-prairies\\\/#breadcrumb\"},\"inLanguage\":\"fr-CA\",\"potentialAction\":[{\"@type\":\"ReadAction\",\"target\":[\"https:\\\/\\\/giving.natureconservancy.ca\\\/fr\\\/product\\\/milieux-de-prairies\\\/\"]}]},{\"@type\":\"ImageObject\",\"inLanguage\":\"fr-CA\",\"@id\":\"https:\\\/\\\/giving.natureconservancy.ca\\\/fr\\\/product\\\/milieux-de-prairies\\\/#primaryimage\",\"url\":\"https:\\\/\\\/giving.natureconservancy.ca\\\/fr\\\/wp-content\\\/uploads\\\/sites\\\/2\\\/2025\\\/05\\\/sc-mcintyre-ranch-2021.webp\",\"contentUrl\":\"https:\\\/\\\/giving.natureconservancy.ca\\\/fr\\\/wp-content\\\/uploads\\\/sites\\\/2\\\/2025\\\/05\\\/sc-mcintyre-ranch-2021.webp\",\"width\":1728,\"height\":940,\"caption\":\"Ranch McIntyre, Alb.\"},{\"@type\":\"BreadcrumbList\",\"@id\":\"https:\\\/\\\/giving.natureconservancy.ca\\\/fr\\\/product\\\/milieux-de-prairies\\\/#breadcrumb\",\"itemListElement\":[{\"@type\":\"ListItem\",\"position\":1,\"name\":\"Home\",\"item\":\"https:\\\/\\\/giving.natureconservancy.ca\\\/fr\\\/\"},{\"@type\":\"ListItem\",\"position\":2,\"name\":\"Shop (not in use)\",\"item\":\"https:\\\/\\\/giving.natureconservancy.ca\\\/fr\\\/shop\\\/\"},{\"@type\":\"ListItem\",\"position\":3,\"name\":\"Milieux de Prairies\"}]},{\"@type\":\"WebSite\",\"@id\":\"https:\\\/\\\/giving.natureconservancy.ca\\\/fr\\\/#website\",\"url\":\"https:\\\/\\\/giving.natureconservancy.ca\\\/fr\\\/\",\"name\":\"Conservation de la nature Canada\",\"description\":\"Offrez un cadeau qui prot\u00e9gera les irrempla\u00e7ables paysages naturels du Canada et les esp\u00e8ces qui y vivent.\",\"publisher\":{\"@id\":\"https:\\\/\\\/giving.natureconservancy.ca\\\/fr\\\/#organization\"},\"alternateName\":\"CNC\",\"potentialAction\":[{\"@type\":\"SearchAction\",\"target\":{\"@type\":\"EntryPoint\",\"urlTemplate\":\"https:\\\/\\\/giving.natureconservancy.ca\\\/fr\\\/?s={search_term_string}\"},\"query-input\":{\"@type\":\"PropertyValueSpecification\",\"valueRequired\":true,\"valueName\":\"search_term_string\"}}],\"inLanguage\":\"fr-CA\"},{\"@type\":\"Organization\",\"@id\":\"https:\\\/\\\/giving.natureconservancy.ca\\\/fr\\\/#organization\",\"name\":\"Conservation de la nature Canada\",\"alternateName\":\"CNC\",\"url\":\"https:\\\/\\\/giving.natureconservancy.ca\\\/fr\\\/\",\"logo\":{\"@type\":\"ImageObject\",\"inLanguage\":\"fr-CA\",\"@id\":\"https:\\\/\\\/giving.natureconservancy.ca\\\/fr\\\/#\\\/schema\\\/logo\\\/image\\\/\",\"url\":\"https:\\\/\\\/giving.natureconservancy.ca\\\/fr\\\/wp-content\\\/uploads\\\/sites\\\/2\\\/2023\\\/10\\\/NCC_HorizontalWordmark_F_Logo_RGB.jpg\",\"contentUrl\":\"https:\\\/\\\/giving.natureconservancy.ca\\\/fr\\\/wp-content\\\/uploads\\\/sites\\\/2\\\/2023\\\/10\\\/NCC_HorizontalWordmark_F_Logo_RGB.jpg\",\"width\":1372,\"height\":332,\"caption\":\"Conservation de la nature Canada\"},\"image\":{\"@id\":\"https:\\\/\\\/giving.natureconservancy.ca\\\/fr\\\/#\\\/schema\\\/logo\\\/image\\\/\"},\"sameAs\":[\"https:\\\/\\\/www.facebook.com\\\/natureconservancy.ca\\\/\",\"https:\\\/\\\/x.com\\\/NCC_CNC\",\"https:\\\/\\\/www.instagram.com\\\/ncc_cnc\\\/\",\"https:\\\/\\\/www.youtube.com\\\/channel\\\/UCEHsIQ2uDw_PThasY_hVpSQ\",\"https:\\\/\\\/www.linkedin.com\\\/company\\\/ncc-cnc\\\/?originalSubdomain=ca\",\"https:\\\/\\\/www.tiktok.com\\\/@ncc_cnc\"]}]}<\/script>\n<!-- \/ Yoast SEO plugin. -->","yoast_head_json":{"title":"Milieux de Prairies - Conservation de la nature Canada","robots":{"index":"index","follow":"follow","max-snippet":"max-snippet:-1","max-image-preview":"max-image-preview:large","max-video-preview":"max-video-preview:-1"},"canonical":"https:\/\/giving.natureconservancy.ca\/fr\/product\/milieux-de-prairies\/","og_locale":"fr_CA","og_type":"article","og_title":"Milieux de Prairies - Conservation de la nature Canada","og_description":"Au Canada, moins de 6 % des prairies sont prot\u00e9g\u00e9es \u00e0 l\u2019heure actuelle.","og_url":"https:\/\/giving.natureconservancy.ca\/fr\/product\/milieux-de-prairies\/","og_site_name":"Conservation de la nature Canada","article_publisher":"https:\/\/www.facebook.com\/natureconservancy.ca\/","article_modified_time":"2025-05-01T20:31:57+00:00","og_image":[{"width":1728,"height":940,"url":"https:\/\/giving.natureconservancy.ca\/fr\/wp-content\/uploads\/sites\/2\/2025\/05\/sc-mcintyre-ranch-2021.webp","type":"image\/webp"}],"twitter_card":"summary_large_image","twitter_site":"@NCC_CNC","twitter_misc":{"Estimation du temps de lecture":"1 minute"},"schema":{"@context":"https:\/\/schema.org","@graph":[{"@type":"WebPage","@id":"https:\/\/giving.natureconservancy.ca\/fr\/product\/milieux-de-prairies\/","url":"https:\/\/giving.natureconservancy.ca\/fr\/product\/milieux-de-prairies\/","name":"Milieux de Prairies - Conservation de la nature Canada","isPartOf":{"@id":"https:\/\/giving.natureconservancy.ca\/fr\/#website"},"primaryImageOfPage":{"@id":"https:\/\/giving.natureconservancy.ca\/fr\/product\/milieux-de-prairies\/#primaryimage"},"image":{"@id":"https:\/\/giving.natureconservancy.ca\/fr\/product\/milieux-de-prairies\/#primaryimage"},"thumbnailUrl":"https:\/\/giving.natureconservancy.ca\/fr\/wp-content\/uploads\/sites\/2\/2025\/05\/sc-mcintyre-ranch-2021.webp","datePublished":"2025-05-01T19:06:44+00:00","dateModified":"2025-05-01T20:31:57+00:00","breadcrumb":{"@id":"https:\/\/giving.natureconservancy.ca\/fr\/product\/milieux-de-prairies\/#breadcrumb"},"inLanguage":"fr-CA","potentialAction":[{"@type":"ReadAction","target":["https:\/\/giving.natureconservancy.ca\/fr\/product\/milieux-de-prairies\/"]}]},{"@type":"ImageObject","inLanguage":"fr-CA","@id":"https:\/\/giving.natureconservancy.ca\/fr\/product\/milieux-de-prairies\/#primaryimage","url":"https:\/\/giving.natureconservancy.ca\/fr\/wp-content\/uploads\/sites\/2\/2025\/05\/sc-mcintyre-ranch-2021.webp","contentUrl":"https:\/\/giving.natureconservancy.ca\/fr\/wp-content\/uploads\/sites\/2\/2025\/05\/sc-mcintyre-ranch-2021.webp","width":1728,"height":940,"caption":"Ranch McIntyre, Alb."},{"@type":"BreadcrumbList","@id":"https:\/\/giving.natureconservancy.ca\/fr\/product\/milieux-de-prairies\/#breadcrumb","itemListElement":[{"@type":"ListItem","position":1,"name":"Home","item":"https:\/\/giving.natureconservancy.ca\/fr\/"},{"@type":"ListItem","position":2,"name":"Shop (not in use)","item":"https:\/\/giving.natureconservancy.ca\/fr\/shop\/"},{"@type":"ListItem","position":3,"name":"Milieux de Prairies"}]},{"@type":"WebSite","@id":"https:\/\/giving.natureconservancy.ca\/fr\/#website","url":"https:\/\/giving.natureconservancy.ca\/fr\/","name":"Conservation de la nature Canada","description":"Offrez un cadeau qui prot\u00e9gera les irrempla\u00e7ables paysages naturels du Canada et les esp\u00e8ces qui y vivent.","publisher":{"@id":"https:\/\/giving.natureconservancy.ca\/fr\/#organization"},"alternateName":"CNC","potentialAction":[{"@type":"SearchAction","target":{"@type":"EntryPoint","urlTemplate":"https:\/\/giving.natureconservancy.ca\/fr\/?s={search_term_string}"},"query-input":{"@type":"PropertyValueSpecification","valueRequired":true,"valueName":"search_term_string"}}],"inLanguage":"fr-CA"},{"@type":"Organization","@id":"https:\/\/giving.natureconservancy.ca\/fr\/#organization","name":"Conservation de la nature Canada","alternateName":"CNC","url":"https:\/\/giving.natureconservancy.ca\/fr\/","logo":{"@type":"ImageObject","inLanguage":"fr-CA","@id":"https:\/\/giving.natureconservancy.ca\/fr\/#\/schema\/logo\/image\/","url":"https:\/\/giving.natureconservancy.ca\/fr\/wp-content\/uploads\/sites\/2\/2023\/10\/NCC_HorizontalWordmark_F_Logo_RGB.jpg","contentUrl":"https:\/\/giving.natureconservancy.ca\/fr\/wp-content\/uploads\/sites\/2\/2023\/10\/NCC_HorizontalWordmark_F_Logo_RGB.jpg","width":1372,"height":332,"caption":"Conservation de la nature Canada"},"image":{"@id":"https:\/\/giving.natureconservancy.ca\/fr\/#\/schema\/logo\/image\/"},"sameAs":["https:\/\/www.facebook.com\/natureconservancy.ca\/","https:\/\/x.com\/NCC_CNC","https:\/\/www.instagram.com\/ncc_cnc\/","https:\/\/www.youtube.com\/channel\/UCEHsIQ2uDw_PThasY_hVpSQ","https:\/\/www.linkedin.com\/company\/ncc-cnc\/?originalSubdomain=ca","https:\/\/www.tiktok.com\/@ncc_cnc"]}]}},"_links":{"self":[{"href":"https:\/\/giving.natureconservancy.ca\/fr\/wp-json\/wp\/v2\/product\/981","targetHints":{"allow":["GET"]}}],"collection":[{"href":"https:\/\/giving.natureconservancy.ca\/fr\/wp-json\/wp\/v2\/product"}],"about":[{"href":"https:\/\/giving.natureconservancy.ca\/fr\/wp-json\/wp\/v2\/types\/product"}],"wp:featuredmedia":[{"embeddable":true,"href":"https:\/\/giving.natureconservancy.ca\/fr\/wp-json\/wp\/v2\/media\/975"}],"wp:attachment":[{"href":"https:\/\/giving.natureconservancy.ca\/fr\/wp-json\/wp\/v2\/media?parent=981"}],"wp:term":[{"taxonomy":"product_brand","embeddable":true,"href":"https:\/\/giving.natureconservancy.ca\/fr\/wp-json\/wp\/v2\/product_brand?post=981"},{"taxonomy":"product_cat","embeddable":true,"href":"https:\/\/giving.natureconservancy.ca\/fr\/wp-json\/wp\/v2\/product_cat?post=981"},{"taxonomy":"product_tag","embeddable":true,"href":"https:\/\/giving.natureconservancy.ca\/fr\/wp-json\/wp\/v2\/product_tag?post=981"},{"taxonomy":"e-card-category","embeddable":true,"href":"https:\/\/giving.natureconservancy.ca\/fr\/wp-json\/wp\/v2\/e-card-category?post=981"}],"curies":[{"name":"wp","href":"https:\/\/api.w.org\/{rel}","templated":true}]}}