{"id":783,"date":"2024-08-19T20:01:25","date_gmt":"2024-08-19T20:01:25","guid":{"rendered":"https:\/\/giving.natureconservancy.ca\/fr\/?post_type=product&#038;p=783"},"modified":"2024-12-02T22:08:49","modified_gmt":"2024-12-02T22:08:49","slug":"carte-virtuelle-de-la-fete-des-meres","status":"publish","type":"product","link":"https:\/\/giving.natureconservancy.ca\/fr\/product\/carte-virtuelle-de-la-fete-des-meres\/","title":{"rendered":"Carte virtuelle pour la f\u00eate des M\u00e8res"},"content":{"rendered":"<p>Ce mammif\u00e8re, qui est le plus grand carnivore du Canada, est aussi une m\u00e8re d\u00e9vou\u00e9e. La perte d\u2019habitat et les changements climatiques font cependant qu\u2019il est de plus en plus ardu pour l\u2019ours blanc de prosp\u00e9rer. Souhaitez une bonne f\u00eate des M\u00e8res \u00e0 une maman de votre entourage en lui offrant un cadeau qui prot\u00e9gera une esp\u00e8ce embl\u00e9matique comme cet ours.<\/p>\n","protected":false},"excerpt":{"rendered":"<p>Montrez toute votre reconnaissance \u00e0 une maman tr\u00e8s sp\u00e9ciale tout en participant \u00e0 la conservation de l\u2019habitat de l\u2019ours blanc.<\/p>\n","protected":false},"featured_media":773,"template":"","meta":{"_acf_changed":false,"_trash_the_other_posts":false,"editor_notices":[]},"product_brand":[],"product_cat":[15],"product_tag":[],"e-card-category":[23],"class_list":{"0":"post-783","1":"product","2":"type-product","3":"status-publish","4":"has-post-thumbnail","6":"product_cat-uncategorized","7":"e-card-category-fete-des-meres","9":"first","10":"instock","11":"sold-individually","12":"shipping-taxable","13":"purchasable","14":"product-type-variable"},"acf":[],"yoast_head":"<!-- This site is optimized with the Yoast SEO plugin v27.5 - https:\/\/yoast.com\/product\/yoast-seo-wordpress\/ -->\n<title>Carte virtuelle pour la f\u00eate des M\u00e8res - Conservation de la nature Canada<\/title>\n<meta name=\"robots\" content=\"index, follow, max-snippet:-1, max-image-preview:large, max-video-preview:-1\" \/>\n<link rel=\"canonical\" href=\"https:\/\/giving.natureconservancy.ca\/fr\/product\/carte-virtuelle-de-la-fete-des-meres\/\" \/>\n<meta property=\"og:locale\" content=\"fr_CA\" \/>\n<meta property=\"og:type\" content=\"article\" \/>\n<meta property=\"og:title\" content=\"Carte virtuelle pour la f\u00eate des M\u00e8res - Conservation de la nature Canada\" \/>\n<meta property=\"og:description\" content=\"Montrez toute votre reconnaissance \u00e0 une maman tr\u00e8s sp\u00e9ciale tout en participant \u00e0 la conservation de l\u2019habitat de l\u2019ours blanc.\" \/>\n<meta property=\"og:url\" content=\"https:\/\/giving.natureconservancy.ca\/fr\/product\/carte-virtuelle-de-la-fete-des-meres\/\" \/>\n<meta property=\"og:site_name\" content=\"Conservation de la nature Canada\" \/>\n<meta property=\"article:publisher\" content=\"https:\/\/www.facebook.com\/natureconservancy.ca\/\" \/>\n<meta property=\"article:modified_time\" content=\"2024-12-02T22:08:49+00:00\" \/>\n<meta property=\"og:image\" content=\"https:\/\/giving.natureconservancy.ca\/fr\/wp-content\/uploads\/sites\/2\/2024\/08\/ecard-polar-bear-fr.jpg\" \/>\n\t<meta property=\"og:image:width\" content=\"1300\" \/>\n\t<meta property=\"og:image:height\" content=\"700\" \/>\n\t<meta property=\"og:image:type\" content=\"image\/jpeg\" \/>\n<meta name=\"twitter:card\" content=\"summary_large_image\" \/>\n<meta name=\"twitter:site\" content=\"@NCC_CNC\" \/>\n<meta name=\"twitter:label1\" content=\"Estimation du temps de lecture\" \/>\n\t<meta name=\"twitter:data1\" content=\"1 minute\" \/>\n<script type=\"application\/ld+json\" class=\"yoast-schema-graph\">{\"@context\":\"https:\\\/\\\/schema.org\",\"@graph\":[{\"@type\":\"WebPage\",\"@id\":\"https:\\\/\\\/giving.natureconservancy.ca\\\/fr\\\/product\\\/carte-virtuelle-de-la-fete-des-meres\\\/\",\"url\":\"https:\\\/\\\/giving.natureconservancy.ca\\\/fr\\\/product\\\/carte-virtuelle-de-la-fete-des-meres\\\/\",\"name\":\"Carte virtuelle pour la f\u00eate des M\u00e8res - Conservation de la nature Canada\",\"isPartOf\":{\"@id\":\"https:\\\/\\\/giving.natureconservancy.ca\\\/fr\\\/#website\"},\"primaryImageOfPage\":{\"@id\":\"https:\\\/\\\/giving.natureconservancy.ca\\\/fr\\\/product\\\/carte-virtuelle-de-la-fete-des-meres\\\/#primaryimage\"},\"image\":{\"@id\":\"https:\\\/\\\/giving.natureconservancy.ca\\\/fr\\\/product\\\/carte-virtuelle-de-la-fete-des-meres\\\/#primaryimage\"},\"thumbnailUrl\":\"https:\\\/\\\/giving.natureconservancy.ca\\\/fr\\\/wp-content\\\/uploads\\\/sites\\\/2\\\/2024\\\/08\\\/ecard-polar-bear-fr.jpg\",\"datePublished\":\"2024-08-19T20:01:25+00:00\",\"dateModified\":\"2024-12-02T22:08:49+00:00\",\"breadcrumb\":{\"@id\":\"https:\\\/\\\/giving.natureconservancy.ca\\\/fr\\\/product\\\/carte-virtuelle-de-la-fete-des-meres\\\/#breadcrumb\"},\"inLanguage\":\"fr-CA\",\"potentialAction\":[{\"@type\":\"ReadAction\",\"target\":[\"https:\\\/\\\/giving.natureconservancy.ca\\\/fr\\\/product\\\/carte-virtuelle-de-la-fete-des-meres\\\/\"]}]},{\"@type\":\"ImageObject\",\"inLanguage\":\"fr-CA\",\"@id\":\"https:\\\/\\\/giving.natureconservancy.ca\\\/fr\\\/product\\\/carte-virtuelle-de-la-fete-des-meres\\\/#primaryimage\",\"url\":\"https:\\\/\\\/giving.natureconservancy.ca\\\/fr\\\/wp-content\\\/uploads\\\/sites\\\/2\\\/2024\\\/08\\\/ecard-polar-bear-fr.jpg\",\"contentUrl\":\"https:\\\/\\\/giving.natureconservancy.ca\\\/fr\\\/wp-content\\\/uploads\\\/sites\\\/2\\\/2024\\\/08\\\/ecard-polar-bear-fr.jpg\",\"width\":1300,\"height\":700,\"caption\":\"Paysage hivernal o\u00f9 deux oursons blancs sont couch\u00e9s sur leur maman, qui ne manque pas de les surveiller par-dessus son \u00e9paule.\"},{\"@type\":\"BreadcrumbList\",\"@id\":\"https:\\\/\\\/giving.natureconservancy.ca\\\/fr\\\/product\\\/carte-virtuelle-de-la-fete-des-meres\\\/#breadcrumb\",\"itemListElement\":[{\"@type\":\"ListItem\",\"position\":1,\"name\":\"Home\",\"item\":\"https:\\\/\\\/giving.natureconservancy.ca\\\/fr\\\/\"},{\"@type\":\"ListItem\",\"position\":2,\"name\":\"Shop (not in use)\",\"item\":\"https:\\\/\\\/giving.natureconservancy.ca\\\/fr\\\/shop\\\/\"},{\"@type\":\"ListItem\",\"position\":3,\"name\":\"Carte virtuelle pour la f\u00eate des M\u00e8res\"}]},{\"@type\":\"WebSite\",\"@id\":\"https:\\\/\\\/giving.natureconservancy.ca\\\/fr\\\/#website\",\"url\":\"https:\\\/\\\/giving.natureconservancy.ca\\\/fr\\\/\",\"name\":\"Conservation de la nature Canada\",\"description\":\"Offrez un cadeau qui prot\u00e9gera les irrempla\u00e7ables paysages naturels du Canada et les esp\u00e8ces qui y vivent.\",\"publisher\":{\"@id\":\"https:\\\/\\\/giving.natureconservancy.ca\\\/fr\\\/#organization\"},\"alternateName\":\"CNC\",\"potentialAction\":[{\"@type\":\"SearchAction\",\"target\":{\"@type\":\"EntryPoint\",\"urlTemplate\":\"https:\\\/\\\/giving.natureconservancy.ca\\\/fr\\\/?s={search_term_string}\"},\"query-input\":{\"@type\":\"PropertyValueSpecification\",\"valueRequired\":true,\"valueName\":\"search_term_string\"}}],\"inLanguage\":\"fr-CA\"},{\"@type\":\"Organization\",\"@id\":\"https:\\\/\\\/giving.natureconservancy.ca\\\/fr\\\/#organization\",\"name\":\"Conservation de la nature Canada\",\"alternateName\":\"CNC\",\"url\":\"https:\\\/\\\/giving.natureconservancy.ca\\\/fr\\\/\",\"logo\":{\"@type\":\"ImageObject\",\"inLanguage\":\"fr-CA\",\"@id\":\"https:\\\/\\\/giving.natureconservancy.ca\\\/fr\\\/#\\\/schema\\\/logo\\\/image\\\/\",\"url\":\"https:\\\/\\\/giving.natureconservancy.ca\\\/fr\\\/wp-content\\\/uploads\\\/sites\\\/2\\\/2023\\\/10\\\/NCC_HorizontalWordmark_F_Logo_RGB.jpg\",\"contentUrl\":\"https:\\\/\\\/giving.natureconservancy.ca\\\/fr\\\/wp-content\\\/uploads\\\/sites\\\/2\\\/2023\\\/10\\\/NCC_HorizontalWordmark_F_Logo_RGB.jpg\",\"width\":1372,\"height\":332,\"caption\":\"Conservation de la nature Canada\"},\"image\":{\"@id\":\"https:\\\/\\\/giving.natureconservancy.ca\\\/fr\\\/#\\\/schema\\\/logo\\\/image\\\/\"},\"sameAs\":[\"https:\\\/\\\/www.facebook.com\\\/natureconservancy.ca\\\/\",\"https:\\\/\\\/x.com\\\/NCC_CNC\",\"https:\\\/\\\/www.instagram.com\\\/ncc_cnc\\\/\",\"https:\\\/\\\/www.youtube.com\\\/channel\\\/UCEHsIQ2uDw_PThasY_hVpSQ\",\"https:\\\/\\\/www.linkedin.com\\\/company\\\/ncc-cnc\\\/?originalSubdomain=ca\",\"https:\\\/\\\/www.tiktok.com\\\/@ncc_cnc\"]}]}<\/script>\n<!-- \/ Yoast SEO plugin. -->","yoast_head_json":{"title":"Carte virtuelle pour la f\u00eate des M\u00e8res - Conservation de la nature Canada","robots":{"index":"index","follow":"follow","max-snippet":"max-snippet:-1","max-image-preview":"max-image-preview:large","max-video-preview":"max-video-preview:-1"},"canonical":"https:\/\/giving.natureconservancy.ca\/fr\/product\/carte-virtuelle-de-la-fete-des-meres\/","og_locale":"fr_CA","og_type":"article","og_title":"Carte virtuelle pour la f\u00eate des M\u00e8res - Conservation de la nature Canada","og_description":"Montrez toute votre reconnaissance \u00e0 une maman tr\u00e8s sp\u00e9ciale tout en participant \u00e0 la conservation de l\u2019habitat de l\u2019ours blanc.","og_url":"https:\/\/giving.natureconservancy.ca\/fr\/product\/carte-virtuelle-de-la-fete-des-meres\/","og_site_name":"Conservation de la nature Canada","article_publisher":"https:\/\/www.facebook.com\/natureconservancy.ca\/","article_modified_time":"2024-12-02T22:08:49+00:00","og_image":[{"width":1300,"height":700,"url":"https:\/\/giving.natureconservancy.ca\/fr\/wp-content\/uploads\/sites\/2\/2024\/08\/ecard-polar-bear-fr.jpg","type":"image\/jpeg"}],"twitter_card":"summary_large_image","twitter_site":"@NCC_CNC","twitter_misc":{"Estimation du temps de lecture":"1 minute"},"schema":{"@context":"https:\/\/schema.org","@graph":[{"@type":"WebPage","@id":"https:\/\/giving.natureconservancy.ca\/fr\/product\/carte-virtuelle-de-la-fete-des-meres\/","url":"https:\/\/giving.natureconservancy.ca\/fr\/product\/carte-virtuelle-de-la-fete-des-meres\/","name":"Carte virtuelle pour la f\u00eate des M\u00e8res - Conservation de la nature Canada","isPartOf":{"@id":"https:\/\/giving.natureconservancy.ca\/fr\/#website"},"primaryImageOfPage":{"@id":"https:\/\/giving.natureconservancy.ca\/fr\/product\/carte-virtuelle-de-la-fete-des-meres\/#primaryimage"},"image":{"@id":"https:\/\/giving.natureconservancy.ca\/fr\/product\/carte-virtuelle-de-la-fete-des-meres\/#primaryimage"},"thumbnailUrl":"https:\/\/giving.natureconservancy.ca\/fr\/wp-content\/uploads\/sites\/2\/2024\/08\/ecard-polar-bear-fr.jpg","datePublished":"2024-08-19T20:01:25+00:00","dateModified":"2024-12-02T22:08:49+00:00","breadcrumb":{"@id":"https:\/\/giving.natureconservancy.ca\/fr\/product\/carte-virtuelle-de-la-fete-des-meres\/#breadcrumb"},"inLanguage":"fr-CA","potentialAction":[{"@type":"ReadAction","target":["https:\/\/giving.natureconservancy.ca\/fr\/product\/carte-virtuelle-de-la-fete-des-meres\/"]}]},{"@type":"ImageObject","inLanguage":"fr-CA","@id":"https:\/\/giving.natureconservancy.ca\/fr\/product\/carte-virtuelle-de-la-fete-des-meres\/#primaryimage","url":"https:\/\/giving.natureconservancy.ca\/fr\/wp-content\/uploads\/sites\/2\/2024\/08\/ecard-polar-bear-fr.jpg","contentUrl":"https:\/\/giving.natureconservancy.ca\/fr\/wp-content\/uploads\/sites\/2\/2024\/08\/ecard-polar-bear-fr.jpg","width":1300,"height":700,"caption":"Paysage hivernal o\u00f9 deux oursons blancs sont couch\u00e9s sur leur maman, qui ne manque pas de les surveiller par-dessus son \u00e9paule."},{"@type":"BreadcrumbList","@id":"https:\/\/giving.natureconservancy.ca\/fr\/product\/carte-virtuelle-de-la-fete-des-meres\/#breadcrumb","itemListElement":[{"@type":"ListItem","position":1,"name":"Home","item":"https:\/\/giving.natureconservancy.ca\/fr\/"},{"@type":"ListItem","position":2,"name":"Shop (not in use)","item":"https:\/\/giving.natureconservancy.ca\/fr\/shop\/"},{"@type":"ListItem","position":3,"name":"Carte virtuelle pour la f\u00eate des M\u00e8res"}]},{"@type":"WebSite","@id":"https:\/\/giving.natureconservancy.ca\/fr\/#website","url":"https:\/\/giving.natureconservancy.ca\/fr\/","name":"Conservation de la nature Canada","description":"Offrez un cadeau qui prot\u00e9gera les irrempla\u00e7ables paysages naturels du Canada et les esp\u00e8ces qui y vivent.","publisher":{"@id":"https:\/\/giving.natureconservancy.ca\/fr\/#organization"},"alternateName":"CNC","potentialAction":[{"@type":"SearchAction","target":{"@type":"EntryPoint","urlTemplate":"https:\/\/giving.natureconservancy.ca\/fr\/?s={search_term_string}"},"query-input":{"@type":"PropertyValueSpecification","valueRequired":true,"valueName":"search_term_string"}}],"inLanguage":"fr-CA"},{"@type":"Organization","@id":"https:\/\/giving.natureconservancy.ca\/fr\/#organization","name":"Conservation de la nature Canada","alternateName":"CNC","url":"https:\/\/giving.natureconservancy.ca\/fr\/","logo":{"@type":"ImageObject","inLanguage":"fr-CA","@id":"https:\/\/giving.natureconservancy.ca\/fr\/#\/schema\/logo\/image\/","url":"https:\/\/giving.natureconservancy.ca\/fr\/wp-content\/uploads\/sites\/2\/2023\/10\/NCC_HorizontalWordmark_F_Logo_RGB.jpg","contentUrl":"https:\/\/giving.natureconservancy.ca\/fr\/wp-content\/uploads\/sites\/2\/2023\/10\/NCC_HorizontalWordmark_F_Logo_RGB.jpg","width":1372,"height":332,"caption":"Conservation de la nature Canada"},"image":{"@id":"https:\/\/giving.natureconservancy.ca\/fr\/#\/schema\/logo\/image\/"},"sameAs":["https:\/\/www.facebook.com\/natureconservancy.ca\/","https:\/\/x.com\/NCC_CNC","https:\/\/www.instagram.com\/ncc_cnc\/","https:\/\/www.youtube.com\/channel\/UCEHsIQ2uDw_PThasY_hVpSQ","https:\/\/www.linkedin.com\/company\/ncc-cnc\/?originalSubdomain=ca","https:\/\/www.tiktok.com\/@ncc_cnc"]}]}},"_links":{"self":[{"href":"https:\/\/giving.natureconservancy.ca\/fr\/wp-json\/wp\/v2\/product\/783","targetHints":{"allow":["GET"]}}],"collection":[{"href":"https:\/\/giving.natureconservancy.ca\/fr\/wp-json\/wp\/v2\/product"}],"about":[{"href":"https:\/\/giving.natureconservancy.ca\/fr\/wp-json\/wp\/v2\/types\/product"}],"wp:featuredmedia":[{"embeddable":true,"href":"https:\/\/giving.natureconservancy.ca\/fr\/wp-json\/wp\/v2\/media\/773"}],"wp:attachment":[{"href":"https:\/\/giving.natureconservancy.ca\/fr\/wp-json\/wp\/v2\/media?parent=783"}],"wp:term":[{"taxonomy":"product_brand","embeddable":true,"href":"https:\/\/giving.natureconservancy.ca\/fr\/wp-json\/wp\/v2\/product_brand?post=783"},{"taxonomy":"product_cat","embeddable":true,"href":"https:\/\/giving.natureconservancy.ca\/fr\/wp-json\/wp\/v2\/product_cat?post=783"},{"taxonomy":"product_tag","embeddable":true,"href":"https:\/\/giving.natureconservancy.ca\/fr\/wp-json\/wp\/v2\/product_tag?post=783"},{"taxonomy":"e-card-category","embeddable":true,"href":"https:\/\/giving.natureconservancy.ca\/fr\/wp-json\/wp\/v2\/e-card-category?post=783"}],"curies":[{"name":"wp","href":"https:\/\/api.w.org\/{rel}","templated":true}]}}