{"id":1099,"date":"2025-10-01T19:40:35","date_gmt":"2025-10-01T19:40:35","guid":{"rendered":"https:\/\/giving.natureconservancy.ca\/fr\/?post_type=product&#038;p=1099"},"modified":"2025-10-03T16:30:54","modified_gmt":"2025-10-03T16:30:54","slug":"bison-des-prairies","status":"publish","type":"product","link":"https:\/\/giving.natureconservancy.ca\/fr\/product\/bison-des-prairies\/","title":{"rendered":"Bison des prairies"},"content":{"rendered":"<p>Les bisons des prairies, qui se comptaient autrefois par millions, sont aujourd\u2019hui consid\u00e9r\u00e9s comme menac\u00e9s au Canada. Historiquement, l\u2019aire de distribution de cet herbivore au Canada s\u2019\u00e9tendait des Rocheuses \u00e0 la r\u00e9gion des herbes hautes de l\u2019Est du Manitoba, en passant par les Prairies. Aujourd\u2019hui, on trouve de petits troupeaux isol\u00e9s en Colombie-Britannique, en Alberta, en Saskatchewan et au Manitoba.<\/p>\n","protected":false},"excerpt":{"rendered":"<p>Contribuez \u00e0 la conservation de l\u2019habitat de prairie de cette esp\u00e8ce menac\u00e9e<\/p>\n","protected":false},"featured_media":1074,"template":"","meta":{"_acf_changed":false,"_trash_the_other_posts":false,"editor_notices":[]},"product_brand":[],"product_cat":[20],"product_tag":[],"e-card-category":[],"class_list":{"0":"post-1099","1":"product","2":"type-product","3":"status-publish","4":"has-post-thumbnail","6":"product_cat-espece","8":"first","9":"instock","10":"sold-individually","11":"shipping-taxable","12":"purchasable","13":"product-type-variable"},"acf":[],"yoast_head":"<!-- This site is optimized with the Yoast SEO plugin v27.4 - https:\/\/yoast.com\/product\/yoast-seo-wordpress\/ -->\n<title>Bison des prairies - Conservation de la nature Canada<\/title>\n<meta name=\"robots\" content=\"index, follow, max-snippet:-1, max-image-preview:large, max-video-preview:-1\" \/>\n<link rel=\"canonical\" href=\"https:\/\/giving.natureconservancy.ca\/fr\/product\/bison-des-prairies\/\" \/>\n<meta property=\"og:locale\" content=\"fr_CA\" \/>\n<meta property=\"og:type\" content=\"article\" \/>\n<meta property=\"og:title\" content=\"Bison des prairies - Conservation de la nature Canada\" \/>\n<meta property=\"og:description\" content=\"Contribuez \u00e0 la conservation de l\u2019habitat de prairie de cette esp\u00e8ce menac\u00e9e\" \/>\n<meta property=\"og:url\" content=\"https:\/\/giving.natureconservancy.ca\/fr\/product\/bison-des-prairies\/\" \/>\n<meta property=\"og:site_name\" content=\"Conservation de la nature Canada\" \/>\n<meta property=\"article:publisher\" content=\"https:\/\/www.facebook.com\/natureconservancy.ca\/\" \/>\n<meta property=\"article:modified_time\" content=\"2025-10-03T16:30:54+00:00\" \/>\n<meta property=\"og:image\" content=\"https:\/\/giving.natureconservancy.ca\/fr\/wp-content\/uploads\/sites\/2\/2025\/10\/bison-featured-image.webp\" \/>\n\t<meta property=\"og:image:width\" content=\"2495\" \/>\n\t<meta property=\"og:image:height\" content=\"1621\" \/>\n\t<meta property=\"og:image:type\" content=\"image\/webp\" \/>\n<meta name=\"twitter:card\" content=\"summary_large_image\" \/>\n<meta name=\"twitter:site\" content=\"@NCC_CNC\" \/>\n<meta name=\"twitter:label1\" content=\"Estimation du temps de lecture\" \/>\n\t<meta name=\"twitter:data1\" content=\"1 minute\" \/>\n<script type=\"application\/ld+json\" class=\"yoast-schema-graph\">{\"@context\":\"https:\\\/\\\/schema.org\",\"@graph\":[{\"@type\":\"WebPage\",\"@id\":\"https:\\\/\\\/giving.natureconservancy.ca\\\/fr\\\/product\\\/bison-des-prairies\\\/\",\"url\":\"https:\\\/\\\/giving.natureconservancy.ca\\\/fr\\\/product\\\/bison-des-prairies\\\/\",\"name\":\"Bison des prairies - Conservation de la nature Canada\",\"isPartOf\":{\"@id\":\"https:\\\/\\\/giving.natureconservancy.ca\\\/fr\\\/#website\"},\"primaryImageOfPage\":{\"@id\":\"https:\\\/\\\/giving.natureconservancy.ca\\\/fr\\\/product\\\/bison-des-prairies\\\/#primaryimage\"},\"image\":{\"@id\":\"https:\\\/\\\/giving.natureconservancy.ca\\\/fr\\\/product\\\/bison-des-prairies\\\/#primaryimage\"},\"thumbnailUrl\":\"https:\\\/\\\/giving.natureconservancy.ca\\\/fr\\\/wp-content\\\/uploads\\\/sites\\\/2\\\/2025\\\/10\\\/bison-featured-image.webp\",\"datePublished\":\"2025-10-01T19:40:35+00:00\",\"dateModified\":\"2025-10-03T16:30:54+00:00\",\"breadcrumb\":{\"@id\":\"https:\\\/\\\/giving.natureconservancy.ca\\\/fr\\\/product\\\/bison-des-prairies\\\/#breadcrumb\"},\"inLanguage\":\"fr-CA\",\"potentialAction\":[{\"@type\":\"ReadAction\",\"target\":[\"https:\\\/\\\/giving.natureconservancy.ca\\\/fr\\\/product\\\/bison-des-prairies\\\/\"]}]},{\"@type\":\"ImageObject\",\"inLanguage\":\"fr-CA\",\"@id\":\"https:\\\/\\\/giving.natureconservancy.ca\\\/fr\\\/product\\\/bison-des-prairies\\\/#primaryimage\",\"url\":\"https:\\\/\\\/giving.natureconservancy.ca\\\/fr\\\/wp-content\\\/uploads\\\/sites\\\/2\\\/2025\\\/10\\\/bison-featured-image.webp\",\"contentUrl\":\"https:\\\/\\\/giving.natureconservancy.ca\\\/fr\\\/wp-content\\\/uploads\\\/sites\\\/2\\\/2025\\\/10\\\/bison-featured-image.webp\",\"width\":2495,\"height\":1621,\"caption\":\"Bison des prairies \u00e0 l\u2019aire de conservation des prairies patrimoniales Old Man on His Back, en Saskatchewan.\"},{\"@type\":\"BreadcrumbList\",\"@id\":\"https:\\\/\\\/giving.natureconservancy.ca\\\/fr\\\/product\\\/bison-des-prairies\\\/#breadcrumb\",\"itemListElement\":[{\"@type\":\"ListItem\",\"position\":1,\"name\":\"Home\",\"item\":\"https:\\\/\\\/giving.natureconservancy.ca\\\/fr\\\/\"},{\"@type\":\"ListItem\",\"position\":2,\"name\":\"Shop (not in use)\",\"item\":\"https:\\\/\\\/giving.natureconservancy.ca\\\/fr\\\/shop\\\/\"},{\"@type\":\"ListItem\",\"position\":3,\"name\":\"Bison des prairies\"}]},{\"@type\":\"WebSite\",\"@id\":\"https:\\\/\\\/giving.natureconservancy.ca\\\/fr\\\/#website\",\"url\":\"https:\\\/\\\/giving.natureconservancy.ca\\\/fr\\\/\",\"name\":\"Conservation de la nature Canada\",\"description\":\"Offrez un cadeau qui prot\u00e9gera les irrempla\u00e7ables paysages naturels du Canada et les esp\u00e8ces qui y vivent.\",\"publisher\":{\"@id\":\"https:\\\/\\\/giving.natureconservancy.ca\\\/fr\\\/#organization\"},\"alternateName\":\"CNC\",\"potentialAction\":[{\"@type\":\"SearchAction\",\"target\":{\"@type\":\"EntryPoint\",\"urlTemplate\":\"https:\\\/\\\/giving.natureconservancy.ca\\\/fr\\\/?s={search_term_string}\"},\"query-input\":{\"@type\":\"PropertyValueSpecification\",\"valueRequired\":true,\"valueName\":\"search_term_string\"}}],\"inLanguage\":\"fr-CA\"},{\"@type\":\"Organization\",\"@id\":\"https:\\\/\\\/giving.natureconservancy.ca\\\/fr\\\/#organization\",\"name\":\"Conservation de la nature Canada\",\"alternateName\":\"CNC\",\"url\":\"https:\\\/\\\/giving.natureconservancy.ca\\\/fr\\\/\",\"logo\":{\"@type\":\"ImageObject\",\"inLanguage\":\"fr-CA\",\"@id\":\"https:\\\/\\\/giving.natureconservancy.ca\\\/fr\\\/#\\\/schema\\\/logo\\\/image\\\/\",\"url\":\"https:\\\/\\\/giving.natureconservancy.ca\\\/fr\\\/wp-content\\\/uploads\\\/sites\\\/2\\\/2023\\\/10\\\/NCC_HorizontalWordmark_F_Logo_RGB.jpg\",\"contentUrl\":\"https:\\\/\\\/giving.natureconservancy.ca\\\/fr\\\/wp-content\\\/uploads\\\/sites\\\/2\\\/2023\\\/10\\\/NCC_HorizontalWordmark_F_Logo_RGB.jpg\",\"width\":1372,\"height\":332,\"caption\":\"Conservation de la nature Canada\"},\"image\":{\"@id\":\"https:\\\/\\\/giving.natureconservancy.ca\\\/fr\\\/#\\\/schema\\\/logo\\\/image\\\/\"},\"sameAs\":[\"https:\\\/\\\/www.facebook.com\\\/natureconservancy.ca\\\/\",\"https:\\\/\\\/x.com\\\/NCC_CNC\",\"https:\\\/\\\/www.instagram.com\\\/ncc_cnc\\\/\",\"https:\\\/\\\/www.youtube.com\\\/channel\\\/UCEHsIQ2uDw_PThasY_hVpSQ\",\"https:\\\/\\\/www.linkedin.com\\\/company\\\/ncc-cnc\\\/?originalSubdomain=ca\",\"https:\\\/\\\/www.tiktok.com\\\/@ncc_cnc\"]}]}<\/script>\n<!-- \/ Yoast SEO plugin. -->","yoast_head_json":{"title":"Bison des prairies - Conservation de la nature Canada","robots":{"index":"index","follow":"follow","max-snippet":"max-snippet:-1","max-image-preview":"max-image-preview:large","max-video-preview":"max-video-preview:-1"},"canonical":"https:\/\/giving.natureconservancy.ca\/fr\/product\/bison-des-prairies\/","og_locale":"fr_CA","og_type":"article","og_title":"Bison des prairies - Conservation de la nature Canada","og_description":"Contribuez \u00e0 la conservation de l\u2019habitat de prairie de cette esp\u00e8ce menac\u00e9e","og_url":"https:\/\/giving.natureconservancy.ca\/fr\/product\/bison-des-prairies\/","og_site_name":"Conservation de la nature Canada","article_publisher":"https:\/\/www.facebook.com\/natureconservancy.ca\/","article_modified_time":"2025-10-03T16:30:54+00:00","og_image":[{"width":2495,"height":1621,"url":"https:\/\/giving.natureconservancy.ca\/fr\/wp-content\/uploads\/sites\/2\/2025\/10\/bison-featured-image.webp","type":"image\/webp"}],"twitter_card":"summary_large_image","twitter_site":"@NCC_CNC","twitter_misc":{"Estimation du temps de lecture":"1 minute"},"schema":{"@context":"https:\/\/schema.org","@graph":[{"@type":"WebPage","@id":"https:\/\/giving.natureconservancy.ca\/fr\/product\/bison-des-prairies\/","url":"https:\/\/giving.natureconservancy.ca\/fr\/product\/bison-des-prairies\/","name":"Bison des prairies - Conservation de la nature Canada","isPartOf":{"@id":"https:\/\/giving.natureconservancy.ca\/fr\/#website"},"primaryImageOfPage":{"@id":"https:\/\/giving.natureconservancy.ca\/fr\/product\/bison-des-prairies\/#primaryimage"},"image":{"@id":"https:\/\/giving.natureconservancy.ca\/fr\/product\/bison-des-prairies\/#primaryimage"},"thumbnailUrl":"https:\/\/giving.natureconservancy.ca\/fr\/wp-content\/uploads\/sites\/2\/2025\/10\/bison-featured-image.webp","datePublished":"2025-10-01T19:40:35+00:00","dateModified":"2025-10-03T16:30:54+00:00","breadcrumb":{"@id":"https:\/\/giving.natureconservancy.ca\/fr\/product\/bison-des-prairies\/#breadcrumb"},"inLanguage":"fr-CA","potentialAction":[{"@type":"ReadAction","target":["https:\/\/giving.natureconservancy.ca\/fr\/product\/bison-des-prairies\/"]}]},{"@type":"ImageObject","inLanguage":"fr-CA","@id":"https:\/\/giving.natureconservancy.ca\/fr\/product\/bison-des-prairies\/#primaryimage","url":"https:\/\/giving.natureconservancy.ca\/fr\/wp-content\/uploads\/sites\/2\/2025\/10\/bison-featured-image.webp","contentUrl":"https:\/\/giving.natureconservancy.ca\/fr\/wp-content\/uploads\/sites\/2\/2025\/10\/bison-featured-image.webp","width":2495,"height":1621,"caption":"Bison des prairies \u00e0 l\u2019aire de conservation des prairies patrimoniales Old Man on His Back, en Saskatchewan."},{"@type":"BreadcrumbList","@id":"https:\/\/giving.natureconservancy.ca\/fr\/product\/bison-des-prairies\/#breadcrumb","itemListElement":[{"@type":"ListItem","position":1,"name":"Home","item":"https:\/\/giving.natureconservancy.ca\/fr\/"},{"@type":"ListItem","position":2,"name":"Shop (not in use)","item":"https:\/\/giving.natureconservancy.ca\/fr\/shop\/"},{"@type":"ListItem","position":3,"name":"Bison des prairies"}]},{"@type":"WebSite","@id":"https:\/\/giving.natureconservancy.ca\/fr\/#website","url":"https:\/\/giving.natureconservancy.ca\/fr\/","name":"Conservation de la nature Canada","description":"Offrez un cadeau qui prot\u00e9gera les irrempla\u00e7ables paysages naturels du Canada et les esp\u00e8ces qui y vivent.","publisher":{"@id":"https:\/\/giving.natureconservancy.ca\/fr\/#organization"},"alternateName":"CNC","potentialAction":[{"@type":"SearchAction","target":{"@type":"EntryPoint","urlTemplate":"https:\/\/giving.natureconservancy.ca\/fr\/?s={search_term_string}"},"query-input":{"@type":"PropertyValueSpecification","valueRequired":true,"valueName":"search_term_string"}}],"inLanguage":"fr-CA"},{"@type":"Organization","@id":"https:\/\/giving.natureconservancy.ca\/fr\/#organization","name":"Conservation de la nature Canada","alternateName":"CNC","url":"https:\/\/giving.natureconservancy.ca\/fr\/","logo":{"@type":"ImageObject","inLanguage":"fr-CA","@id":"https:\/\/giving.natureconservancy.ca\/fr\/#\/schema\/logo\/image\/","url":"https:\/\/giving.natureconservancy.ca\/fr\/wp-content\/uploads\/sites\/2\/2023\/10\/NCC_HorizontalWordmark_F_Logo_RGB.jpg","contentUrl":"https:\/\/giving.natureconservancy.ca\/fr\/wp-content\/uploads\/sites\/2\/2023\/10\/NCC_HorizontalWordmark_F_Logo_RGB.jpg","width":1372,"height":332,"caption":"Conservation de la nature Canada"},"image":{"@id":"https:\/\/giving.natureconservancy.ca\/fr\/#\/schema\/logo\/image\/"},"sameAs":["https:\/\/www.facebook.com\/natureconservancy.ca\/","https:\/\/x.com\/NCC_CNC","https:\/\/www.instagram.com\/ncc_cnc\/","https:\/\/www.youtube.com\/channel\/UCEHsIQ2uDw_PThasY_hVpSQ","https:\/\/www.linkedin.com\/company\/ncc-cnc\/?originalSubdomain=ca","https:\/\/www.tiktok.com\/@ncc_cnc"]}]}},"_links":{"self":[{"href":"https:\/\/giving.natureconservancy.ca\/fr\/wp-json\/wp\/v2\/product\/1099","targetHints":{"allow":["GET"]}}],"collection":[{"href":"https:\/\/giving.natureconservancy.ca\/fr\/wp-json\/wp\/v2\/product"}],"about":[{"href":"https:\/\/giving.natureconservancy.ca\/fr\/wp-json\/wp\/v2\/types\/product"}],"wp:featuredmedia":[{"embeddable":true,"href":"https:\/\/giving.natureconservancy.ca\/fr\/wp-json\/wp\/v2\/media\/1074"}],"wp:attachment":[{"href":"https:\/\/giving.natureconservancy.ca\/fr\/wp-json\/wp\/v2\/media?parent=1099"}],"wp:term":[{"taxonomy":"product_brand","embeddable":true,"href":"https:\/\/giving.natureconservancy.ca\/fr\/wp-json\/wp\/v2\/product_brand?post=1099"},{"taxonomy":"product_cat","embeddable":true,"href":"https:\/\/giving.natureconservancy.ca\/fr\/wp-json\/wp\/v2\/product_cat?post=1099"},{"taxonomy":"product_tag","embeddable":true,"href":"https:\/\/giving.natureconservancy.ca\/fr\/wp-json\/wp\/v2\/product_tag?post=1099"},{"taxonomy":"e-card-category","embeddable":true,"href":"https:\/\/giving.natureconservancy.ca\/fr\/wp-json\/wp\/v2\/e-card-category?post=1099"}],"curies":[{"name":"wp","href":"https:\/\/api.w.org\/{rel}","templated":true}]}}