{"id":767,"date":"2024-08-19T18:24:49","date_gmt":"2024-08-19T18:24:49","guid":{"rendered":"https:\/\/giving.natureconservancy.ca\/fr\/?page_id=767"},"modified":"2024-10-02T16:12:17","modified_gmt":"2024-10-02T16:12:17","slug":"boutique-de-cartes-virtuelles","status":"publish","type":"page","link":"https:\/\/giving.natureconservancy.ca\/fr\/boutique-de-cartes-virtuelles\/","title":{"rendered":"Boutique de cartes virtuelles"},"content":{"rendered":"\n<div class=\"wp-block-zp4-group block-spacing-1 is-style-align-narrow\"><div class=\"layout-container\">\n<h2 class=\"wp-block-heading has-text-align-center has-secondary-500-color has-text-color has-link-color wp-elements-e20e8dd9ead78f15cc570769572147ef\">Boutique de cartes virtuelles<\/h2>\n\n\n\n<p class=\"has-text-align-center\"><strong><strong>Prot\u00e9gez les esp\u00e8ces sauvages et les habitats naturels au Canada.<\/strong>\u2028<\/strong>Votre don appuie les efforts de conservation de CNC. Chaque carte virtuelle que vous offrez permet de prot\u00e9ger des \u00e9cosyst\u00e8mes r\u00e9silients et les esp\u00e8ces qui y vivent.<\/p>\n<\/div><\/div>\n\n\n\n<div style=\"height:16px\" aria-hidden=\"true\" class=\"wp-block-spacer\"><\/div>\n\n\n\n<h2 class=\"wp-block-heading has-text-align-center has-x-large-font-size\">Pour envoyer l\u2019une de nos cartes virtuelles<\/h2>\n\n\n\n<div class=\"wp-block-zp4-step-cards has-3-columns\">\n<div class=\"wp-block-zp4-step-card\"><div class=\"step-card-header\"><div><h3>\u00c9tape\u00a01 <span><strong>Choisissez une carte virtuelle<\/strong><\/span><\/h3><\/div><div class=\"icon\"><svg width=\"61\" height=\"60\" viewBox=\"0 0 61 60\" fill=\"none\" xmlns=\"http:\/\/www.w3.org\/2000\/svg\"><rect x=\"0.333374\" width=\"60\" height=\"60\" rx=\"7.05882\" fill=\"#FFC41D\"\/><rect x=\"13.6863\" y=\"9.20703\" width=\"13.5667\" height=\"18.2367\" rx=\"2.11334\" stroke=\"#454B43\" stroke-width=\"2\"\/><rect x=\"32.3663\" y=\"9.20703\" width=\"13.5667\" height=\"18.2367\" rx=\"2.11334\" stroke=\"#454B43\" stroke-width=\"2\"\/><rect x=\"13.6863\" y=\"32.5566\" width=\"13.5667\" height=\"18.2367\" rx=\"2.11334\" stroke=\"#454B43\" stroke-width=\"2\"\/><rect x=\"31.3663\" y=\"31.5566\" width=\"15.5667\" height=\"20.2367\" rx=\"3.11334\" fill=\"#454B43\"\/><path d=\"M38.0592 38.457L44.9377 54.9675L47.3798 47.7776L54.5697 45.3356L38.0592 38.457Z\" fill=\"#FFC41D\" stroke=\"#454B43\" stroke-width=\"2\" stroke-linecap=\"round\" stroke-linejoin=\"round\"\/><path d=\"M47.3993 47.7979L53.2368 53.6354\" stroke=\"#454B43\" stroke-width=\"2\" stroke-linecap=\"round\" stroke-linejoin=\"round\"\/><\/svg><\/div><\/div><div class=\"step-card-content\"><p>Cliquez sur une carte pour en savoir plus \u00e0 son sujet.<\/p><\/div><\/div>\n\n\n\n<div class=\"wp-block-zp4-step-card\"><div class=\"step-card-header\"><div><h3>\u00c9tape\u00a02 <span><strong>Indiquez le montant de votre don<\/strong><\/span><\/h3><\/div><div class=\"icon\"><svg width=\"61\" height=\"60\" viewBox=\"0 0 61 60\" fill=\"none\" xmlns=\"http:\/\/www.w3.org\/2000\/svg\"> <rect x=\"0.666748\" width=\"60\" height=\"60\" rx=\"7.05882\" fill=\"#FFC41D\"\/> <rect x=\"13.778\" y=\"15.1475\" width=\"33.2468\" height=\"1\" rx=\"0.5\" stroke=\"#454B43\"\/> <rect x=\"13.778\" y=\"25.2793\" width=\"33.2468\" height=\"1\" rx=\"0.5\" stroke=\"#454B43\"\/> <rect x=\"8.60791\" y=\"30.2412\" width=\"43.5868\" height=\"11.34\" rx=\"3.11334\" fill=\"#454B43\"\/> <rect x=\"13.278\" y=\"34.9111\" width=\"34.2468\" height=\"2\" rx=\"1\" fill=\"#FFC41D\"\/> <g clip-path=\"url(#clip0_1926_707)\"> <path d=\"M37.7686 38.2666L44.6471 54.777L47.0891 47.5872L54.279 45.1451L37.7686 38.2666Z\" fill=\"#FFC41D\" stroke=\"#454B43\" stroke-width=\"2\" stroke-linecap=\"round\" stroke-linejoin=\"round\"\/> <path d=\"M47.1086 47.6064L52.9462 53.444L47.1086 47.6064Z\" fill=\"#D9D9D9\"\/> <path d=\"M47.1086 47.6064L52.9462 53.444\" stroke=\"#454B43\" stroke-width=\"2\" stroke-linecap=\"round\" stroke-linejoin=\"round\"\/> <\/g> <defs> <clipPath id=\"clip0_1926_707\"> <rect width=\"23.3501\" height=\"23.3501\" fill=\"white\" transform=\"translate(36.2119 35.1533)\"\/> <\/clipPath> <\/defs> <\/svg> <\/div><\/div><div class=\"step-card-content\"><p>Cliquez sur la fl\u00e8che \u00e0 c\u00f4t\u00e9 du montant pour s\u00e9lectionner le montant de votre don, puis cliquez sur Ajouter au panier.&nbsp;<\/p><\/div><\/div>\n\n\n\n<div class=\"wp-block-zp4-step-card\"><div class=\"step-card-header\"><div><h3>\u00c9tape\u00a03 <span><strong>Passez \u00e0 la caisse<\/strong><\/span><\/h3><\/div><div class=\"icon\"><svg width=\"60\" height=\"60\" viewBox=\"0 0 60 60\" fill=\"none\" xmlns=\"http:\/\/www.w3.org\/2000\/svg\"> <rect width=\"60\" height=\"60\" rx=\"7.05882\" fill=\"#FFC41D\"\/> <path d=\"M21.8079 47.1231C22.6676 47.1231 23.3646 46.4262 23.3646 45.5664C23.3646 44.7067 22.6676 44.0098 21.8079 44.0098C20.9482 44.0098 20.2512 44.7067 20.2512 45.5664C20.2512 46.4262 20.9482 47.1231 21.8079 47.1231Z\" fill=\"#454B43\" stroke=\"#454B43\" stroke-width=\"2\" stroke-linecap=\"round\" stroke-linejoin=\"round\"\/> <path d=\"M38.9312 47.1231C39.7909 47.1231 40.4879 46.4262 40.4879 45.5664C40.4879 44.7067 39.7909 44.0098 38.9312 44.0098C38.0715 44.0098 37.3745 44.7067 37.3745 45.5664C37.3745 46.4262 38.0715 47.1231 38.9312 47.1231Z\" fill=\"#454B43\" stroke=\"#454B43\" stroke-width=\"2\" stroke-linecap=\"round\" stroke-linejoin=\"round\"\/> <path d=\"M9.35449 14.4326H15.5812L19.7531 35.2764C19.8954 35.9931 20.2853 36.6369 20.8545 37.0951C21.4237 37.5533 22.1359 37.7967 22.8664 37.7827H37.9972C38.7278 37.7967 39.44 37.5533 40.0092 37.0951C40.5784 36.6369 40.9682 35.9931 41.1106 35.2764L43.6013 22.216H17.1379\" stroke=\"#454B43\" stroke-width=\"2\" stroke-linecap=\"round\" stroke-linejoin=\"round\"\/> <circle cx=\"42.8227\" cy=\"21.4377\" r=\"10.1184\" fill=\"#454B43\"\/> <path d=\"M46.9888 18.4619L40.5789 24.4139L38.0608 22.0331\" stroke=\"#FFC41D\" stroke-width=\"2\" stroke-linecap=\"round\" stroke-linejoin=\"round\"\/> <\/svg> <\/div><\/div><div class=\"step-card-content\"><p>V\u00e9rifiez votre commande, ajoutez une note personnelle ainsi que votre nom et votre adresse \u00e9lectronique, puis passez \u00e0 la caisse pour fournir les d\u00e9tails sur le paiement.<\/p><\/div><\/div>\n<\/div>\n\n\n\n<div style=\"height:20px\" aria-hidden=\"true\" class=\"wp-block-spacer\"><\/div>\n\n\n\n<div class=\"wp-block-zp4-shop-ecards has-4-columns\" data-site-url=\"https:\/\/giving.natureconservancy.ca\/fr\"><\/div>\n","protected":false},"excerpt":{"rendered":"<p>Pour envoyer l\u2019une de nos cartes virtuelles<\/p>\n","protected":false},"author":1,"featured_media":0,"parent":0,"menu_order":0,"comment_status":"closed","ping_status":"closed","template":"","meta":{"_acf_changed":false,"_trash_the_other_posts":false,"editor_notices":[],"footnotes":""},"class_list":["post-767","page","type-page","status-publish","hentry"],"acf":[],"yoast_head":"<!-- This site is optimized with the Yoast SEO plugin v27.3 - https:\/\/yoast.com\/product\/yoast-seo-wordpress\/ -->\n<title>Boutique de cartes virtuelles - Conservation de la nature Canada<\/title>\n<meta name=\"robots\" content=\"index, follow, max-snippet:-1, max-image-preview:large, max-video-preview:-1\" \/>\n<link rel=\"canonical\" href=\"https:\/\/giving.natureconservancy.ca\/fr\/boutique-de-cartes-virtuelles\/\" \/>\n<meta property=\"og:locale\" content=\"fr_CA\" \/>\n<meta property=\"og:type\" content=\"article\" \/>\n<meta property=\"og:title\" content=\"Boutique de cartes virtuelles - Conservation de la nature Canada\" \/>\n<meta property=\"og:description\" content=\"Pour envoyer l\u2019une de nos cartes virtuelles\" \/>\n<meta property=\"og:url\" content=\"https:\/\/giving.natureconservancy.ca\/fr\/boutique-de-cartes-virtuelles\/\" \/>\n<meta property=\"og:site_name\" content=\"Conservation de la nature Canada\" \/>\n<meta property=\"article:publisher\" content=\"https:\/\/www.facebook.com\/natureconservancy.ca\/\" \/>\n<meta property=\"article:modified_time\" content=\"2024-10-02T16:12:17+00:00\" \/>\n<meta property=\"og:image\" content=\"https:\/\/giving.natureconservancy.ca\/fr\/wp-content\/uploads\/sites\/2\/2023\/10\/ncc_dah_main-share-image.jpg\" \/>\n\t<meta property=\"og:image:width\" content=\"1200\" \/>\n\t<meta property=\"og:image:height\" content=\"675\" \/>\n\t<meta property=\"og:image:type\" content=\"image\/jpeg\" \/>\n<meta name=\"twitter:card\" content=\"summary_large_image\" \/>\n<meta name=\"twitter:site\" content=\"@NCC_CNC\" \/>\n<meta name=\"twitter:label1\" content=\"Estimation du temps de lecture\" \/>\n\t<meta name=\"twitter:data1\" content=\"1 minute\" \/>\n<script type=\"application\/ld+json\" class=\"yoast-schema-graph\">{\"@context\":\"https:\\\/\\\/schema.org\",\"@graph\":[{\"@type\":\"WebPage\",\"@id\":\"https:\\\/\\\/giving.natureconservancy.ca\\\/fr\\\/boutique-de-cartes-virtuelles\\\/\",\"url\":\"https:\\\/\\\/giving.natureconservancy.ca\\\/fr\\\/boutique-de-cartes-virtuelles\\\/\",\"name\":\"Boutique de cartes virtuelles - Conservation de la nature Canada\",\"isPartOf\":{\"@id\":\"https:\\\/\\\/giving.natureconservancy.ca\\\/fr\\\/#website\"},\"datePublished\":\"2024-08-19T18:24:49+00:00\",\"dateModified\":\"2024-10-02T16:12:17+00:00\",\"breadcrumb\":{\"@id\":\"https:\\\/\\\/giving.natureconservancy.ca\\\/fr\\\/boutique-de-cartes-virtuelles\\\/#breadcrumb\"},\"inLanguage\":\"fr-CA\",\"potentialAction\":[{\"@type\":\"ReadAction\",\"target\":[\"https:\\\/\\\/giving.natureconservancy.ca\\\/fr\\\/boutique-de-cartes-virtuelles\\\/\"]}]},{\"@type\":\"BreadcrumbList\",\"@id\":\"https:\\\/\\\/giving.natureconservancy.ca\\\/fr\\\/boutique-de-cartes-virtuelles\\\/#breadcrumb\",\"itemListElement\":[{\"@type\":\"ListItem\",\"position\":1,\"name\":\"Home\",\"item\":\"https:\\\/\\\/giving.natureconservancy.ca\\\/fr\\\/\"},{\"@type\":\"ListItem\",\"position\":2,\"name\":\"Boutique de cartes virtuelles\"}]},{\"@type\":\"WebSite\",\"@id\":\"https:\\\/\\\/giving.natureconservancy.ca\\\/fr\\\/#website\",\"url\":\"https:\\\/\\\/giving.natureconservancy.ca\\\/fr\\\/\",\"name\":\"Conservation de la nature Canada\",\"description\":\"Offrez un cadeau qui prot\u00e9gera les irrempla\u00e7ables paysages naturels du Canada et les esp\u00e8ces qui y vivent.\",\"publisher\":{\"@id\":\"https:\\\/\\\/giving.natureconservancy.ca\\\/fr\\\/#organization\"},\"alternateName\":\"CNC\",\"potentialAction\":[{\"@type\":\"SearchAction\",\"target\":{\"@type\":\"EntryPoint\",\"urlTemplate\":\"https:\\\/\\\/giving.natureconservancy.ca\\\/fr\\\/?s={search_term_string}\"},\"query-input\":{\"@type\":\"PropertyValueSpecification\",\"valueRequired\":true,\"valueName\":\"search_term_string\"}}],\"inLanguage\":\"fr-CA\"},{\"@type\":\"Organization\",\"@id\":\"https:\\\/\\\/giving.natureconservancy.ca\\\/fr\\\/#organization\",\"name\":\"Conservation de la nature Canada\",\"alternateName\":\"CNC\",\"url\":\"https:\\\/\\\/giving.natureconservancy.ca\\\/fr\\\/\",\"logo\":{\"@type\":\"ImageObject\",\"inLanguage\":\"fr-CA\",\"@id\":\"https:\\\/\\\/giving.natureconservancy.ca\\\/fr\\\/#\\\/schema\\\/logo\\\/image\\\/\",\"url\":\"https:\\\/\\\/giving.natureconservancy.ca\\\/fr\\\/wp-content\\\/uploads\\\/sites\\\/2\\\/2023\\\/10\\\/NCC_HorizontalWordmark_F_Logo_RGB.jpg\",\"contentUrl\":\"https:\\\/\\\/giving.natureconservancy.ca\\\/fr\\\/wp-content\\\/uploads\\\/sites\\\/2\\\/2023\\\/10\\\/NCC_HorizontalWordmark_F_Logo_RGB.jpg\",\"width\":1372,\"height\":332,\"caption\":\"Conservation de la nature Canada\"},\"image\":{\"@id\":\"https:\\\/\\\/giving.natureconservancy.ca\\\/fr\\\/#\\\/schema\\\/logo\\\/image\\\/\"},\"sameAs\":[\"https:\\\/\\\/www.facebook.com\\\/natureconservancy.ca\\\/\",\"https:\\\/\\\/x.com\\\/NCC_CNC\",\"https:\\\/\\\/www.instagram.com\\\/ncc_cnc\\\/\",\"https:\\\/\\\/www.youtube.com\\\/channel\\\/UCEHsIQ2uDw_PThasY_hVpSQ\",\"https:\\\/\\\/www.linkedin.com\\\/company\\\/ncc-cnc\\\/?originalSubdomain=ca\",\"https:\\\/\\\/www.tiktok.com\\\/@ncc_cnc\"]}]}<\/script>\n<!-- \/ Yoast SEO plugin. -->","yoast_head_json":{"title":"Boutique de cartes virtuelles - Conservation de la nature Canada","robots":{"index":"index","follow":"follow","max-snippet":"max-snippet:-1","max-image-preview":"max-image-preview:large","max-video-preview":"max-video-preview:-1"},"canonical":"https:\/\/giving.natureconservancy.ca\/fr\/boutique-de-cartes-virtuelles\/","og_locale":"fr_CA","og_type":"article","og_title":"Boutique de cartes virtuelles - Conservation de la nature Canada","og_description":"Pour envoyer l\u2019une de nos cartes virtuelles","og_url":"https:\/\/giving.natureconservancy.ca\/fr\/boutique-de-cartes-virtuelles\/","og_site_name":"Conservation de la nature Canada","article_publisher":"https:\/\/www.facebook.com\/natureconservancy.ca\/","article_modified_time":"2024-10-02T16:12:17+00:00","og_image":[{"width":1200,"height":675,"url":"https:\/\/giving.natureconservancy.ca\/fr\/wp-content\/uploads\/sites\/2\/2023\/10\/ncc_dah_main-share-image.jpg","type":"image\/jpeg"}],"twitter_card":"summary_large_image","twitter_site":"@NCC_CNC","twitter_misc":{"Estimation du temps de lecture":"1 minute"},"schema":{"@context":"https:\/\/schema.org","@graph":[{"@type":"WebPage","@id":"https:\/\/giving.natureconservancy.ca\/fr\/boutique-de-cartes-virtuelles\/","url":"https:\/\/giving.natureconservancy.ca\/fr\/boutique-de-cartes-virtuelles\/","name":"Boutique de cartes virtuelles - Conservation de la nature Canada","isPartOf":{"@id":"https:\/\/giving.natureconservancy.ca\/fr\/#website"},"datePublished":"2024-08-19T18:24:49+00:00","dateModified":"2024-10-02T16:12:17+00:00","breadcrumb":{"@id":"https:\/\/giving.natureconservancy.ca\/fr\/boutique-de-cartes-virtuelles\/#breadcrumb"},"inLanguage":"fr-CA","potentialAction":[{"@type":"ReadAction","target":["https:\/\/giving.natureconservancy.ca\/fr\/boutique-de-cartes-virtuelles\/"]}]},{"@type":"BreadcrumbList","@id":"https:\/\/giving.natureconservancy.ca\/fr\/boutique-de-cartes-virtuelles\/#breadcrumb","itemListElement":[{"@type":"ListItem","position":1,"name":"Home","item":"https:\/\/giving.natureconservancy.ca\/fr\/"},{"@type":"ListItem","position":2,"name":"Boutique de cartes virtuelles"}]},{"@type":"WebSite","@id":"https:\/\/giving.natureconservancy.ca\/fr\/#website","url":"https:\/\/giving.natureconservancy.ca\/fr\/","name":"Conservation de la nature Canada","description":"Offrez un cadeau qui prot\u00e9gera les irrempla\u00e7ables paysages naturels du Canada et les esp\u00e8ces qui y vivent.","publisher":{"@id":"https:\/\/giving.natureconservancy.ca\/fr\/#organization"},"alternateName":"CNC","potentialAction":[{"@type":"SearchAction","target":{"@type":"EntryPoint","urlTemplate":"https:\/\/giving.natureconservancy.ca\/fr\/?s={search_term_string}"},"query-input":{"@type":"PropertyValueSpecification","valueRequired":true,"valueName":"search_term_string"}}],"inLanguage":"fr-CA"},{"@type":"Organization","@id":"https:\/\/giving.natureconservancy.ca\/fr\/#organization","name":"Conservation de la nature Canada","alternateName":"CNC","url":"https:\/\/giving.natureconservancy.ca\/fr\/","logo":{"@type":"ImageObject","inLanguage":"fr-CA","@id":"https:\/\/giving.natureconservancy.ca\/fr\/#\/schema\/logo\/image\/","url":"https:\/\/giving.natureconservancy.ca\/fr\/wp-content\/uploads\/sites\/2\/2023\/10\/NCC_HorizontalWordmark_F_Logo_RGB.jpg","contentUrl":"https:\/\/giving.natureconservancy.ca\/fr\/wp-content\/uploads\/sites\/2\/2023\/10\/NCC_HorizontalWordmark_F_Logo_RGB.jpg","width":1372,"height":332,"caption":"Conservation de la nature Canada"},"image":{"@id":"https:\/\/giving.natureconservancy.ca\/fr\/#\/schema\/logo\/image\/"},"sameAs":["https:\/\/www.facebook.com\/natureconservancy.ca\/","https:\/\/x.com\/NCC_CNC","https:\/\/www.instagram.com\/ncc_cnc\/","https:\/\/www.youtube.com\/channel\/UCEHsIQ2uDw_PThasY_hVpSQ","https:\/\/www.linkedin.com\/company\/ncc-cnc\/?originalSubdomain=ca","https:\/\/www.tiktok.com\/@ncc_cnc"]}]}},"_links":{"self":[{"href":"https:\/\/giving.natureconservancy.ca\/fr\/wp-json\/wp\/v2\/pages\/767","targetHints":{"allow":["GET"]}}],"collection":[{"href":"https:\/\/giving.natureconservancy.ca\/fr\/wp-json\/wp\/v2\/pages"}],"about":[{"href":"https:\/\/giving.natureconservancy.ca\/fr\/wp-json\/wp\/v2\/types\/page"}],"author":[{"embeddable":true,"href":"https:\/\/giving.natureconservancy.ca\/fr\/wp-json\/wp\/v2\/users\/1"}],"replies":[{"embeddable":true,"href":"https:\/\/giving.natureconservancy.ca\/fr\/wp-json\/wp\/v2\/comments?post=767"}],"version-history":[{"count":1,"href":"https:\/\/giving.natureconservancy.ca\/fr\/wp-json\/wp\/v2\/pages\/767\/revisions"}],"predecessor-version":[{"id":768,"href":"https:\/\/giving.natureconservancy.ca\/fr\/wp-json\/wp\/v2\/pages\/767\/revisions\/768"}],"wp:attachment":[{"href":"https:\/\/giving.natureconservancy.ca\/fr\/wp-json\/wp\/v2\/media?parent=767"}],"curies":[{"name":"wp","href":"https:\/\/api.w.org\/{rel}","templated":true}]}}